{"id":30,"date":"2025-11-18T01:17:24","date_gmt":"2025-11-18T00:17:24","guid":{"rendered":"https:\/\/queens-garden.fr\/?page_id=30"},"modified":"2025-12-04T21:51:27","modified_gmt":"2025-12-04T20:51:27","slug":"la-carte","status":"publish","type":"page","link":"https:\/\/queens-garden.fr\/?page_id=30","title":{"rendered":"La Carte"},"content":{"rendered":"\n<div style=\"height:100px\" aria-hidden=\"true\" class=\"wp-block-spacer\"><\/div>\n\n\n\n<p class=\"has-text-align-center has-text-color has-link-color has-medium-font-size wp-elements-6dbc95360707026e63406f785a60876d\" style=\"color:#fe0000\">Attention ! Cette carte est un prototype et est soumise \u00e0 modification<\/p>\n\n\n\n<p class=\"has-text-align-center has-text-color has-link-color has-medium-font-size wp-elements-0d8b3997c8e9592b848a3b2dfbd7b8ea\" style=\"color:#fe0000\">Photos non contractuelles<\/p>\n\n\n\n<div style=\"height:168px\" aria-hidden=\"true\" class=\"wp-block-spacer\"><\/div>\n\n\n\n<pre class=\"wp-block-preformatted has-cyan-bluish-gray-color has-black-background-color has-text-color has-background has-link-color has-medium-font-size wp-elements-b45201fe0235b4853af19dd4eba3aa74\">-<strong>Mocktail<\/strong>-\n<em>Nom Masculin, Anglicisme.<\/em>\n  <strong> Cocktail sans Alcool.<\/strong>\n\nMocktail est un jeu de mot qui nous vient tout droit de Grande-Bretagne. Il est issu d'une association entre le mot cocktail, d\u00e9signant une boisson alcoolis\u00e9e compos\u00e9e d'un m\u00e9lange de diff\u00e9rents \u00e9l\u00e9ments, et le verbe anglais to mock, qui signifie imiter<\/pre>\n\n\n\n<div style=\"height:100px\" aria-hidden=\"true\" class=\"wp-block-spacer\"><\/div>\n\n\n\n<div class=\"wp-block-media-text is-stacked-on-mobile is-vertically-aligned-center\" style=\"grid-template-columns:18% auto\"><figure class=\"wp-block-media-text__media\"><img loading=\"lazy\" decoding=\"async\" width=\"683\" height=\"1024\" src=\"http:\/\/queens-garden.fr\/wp-content\/uploads\/2025\/12\/pexels-27215765-683x1024.jpeg\" alt=\"Stylish red cocktail on a bar counter, creating a retro vibe.\" class=\"wp-image-331 size-full\"\/><\/figure><div class=\"wp-block-media-text__content\">\n<p class=\"has-kubio-color-5-color has-text-color has-link-color has-medium-font-size wp-elements-be579aec571977ee9d164e1b58fec4f4\">De longues heures de recherche et conception m&rsquo;ont \u00e9t\u00e9 n\u00e9c\u00e9ssaire pour \u00e9laborer chaque Mocktail Signature avec le plus grand soin. C&rsquo;est avec fiert\u00e9 que je vous les pr\u00e9sente :<\/p>\n<\/div><\/div>\n\n\n\n<details class=\"wp-block-details has-kubio-color-2-color has-text-color has-link-color has-large-font-size wp-elements-9472cd1b5aba7520b5f7081f5357f8c9 is-layout-flow wp-block-details-is-layout-flow\"><summary>D\u00e9couvrir les Mocktails Signatures<\/summary>\n<h2 class=\"wp-block-heading has-kubio-color-1-color has-text-color has-link-color has-large-font-size wp-elements-75253ff4b6926353fb7d5f41e20a432e\">Arlequin<\/h2>\n\n\n\n<p>Un carnaval acidul\u00e9 et \u00e9pic\u00e9<\/p>\n\n\n\n<hr class=\"wp-block-separator has-alpha-channel-opacity\"\/>\n\n\n\n<h2 class=\"wp-block-heading has-kubio-color-1-color has-text-color has-link-color has-large-font-size wp-elements-f0f8ff8575113cacbb3b1bad380dabef\">Green Power<\/h2>\n\n\n\n<p>La force de la Nature tout en douceur<\/p>\n\n\n\n<hr class=\"wp-block-separator has-alpha-channel-opacity\"\/>\n\n\n\n<h2 class=\"wp-block-heading has-kubio-color-1-color has-text-color has-link-color has-large-font-size wp-elements-5210456d4fba70f260aa442fb6377342\">Tiki Love <\/h2>\n\n\n\n<p>Rond comme une tortue<\/p>\n\n\n\n<hr class=\"wp-block-separator has-alpha-channel-opacity\"\/>\n\n\n\n<h2 class=\"wp-block-heading has-kubio-color-1-color has-text-color has-link-color has-large-font-size wp-elements-378812ca23038e6d16fb8b9888a4754a\">Pink Coma<\/h2>\n\n\n\n<p>Le doudou rose <\/p>\n\n\n\n<hr class=\"wp-block-separator has-alpha-channel-opacity\"\/>\n\n\n\n<h2 class=\"wp-block-heading has-kubio-color-1-color has-text-color has-link-color has-large-font-size wp-elements-b799a7baf6ceda5e7a7a20afd2a35628\">Singapour Meeting<\/h2>\n\n\n\n<p>Un voyage floral et d\u00e9licat<\/p>\n\n\n\n<hr class=\"wp-block-separator has-alpha-channel-opacity\"\/>\n\n\n\n<h2 class=\"wp-block-heading has-kubio-color-1-color has-text-color has-link-color has-large-font-size wp-elements-f08eb8e0f104c3a9d16c0faeb0a582c9\">Widow&rsquo;s Bouquet<\/h2>\n\n\n\n<p>Le raffinement d&rsquo;une fleur givr\u00e9e<\/p>\n\n\n\n<hr class=\"wp-block-separator has-alpha-channel-opacity\"\/>\n\n\n\n<h2 class=\"wp-block-heading has-kubio-color-1-color has-text-color has-link-color has-large-font-size wp-elements-b6f380f43883e738a18c3d6687f99dc1\">Strelitzia<\/h2>\n\n\n\n<p>La fra\u00eecheur des Cara\u00efbes, les \u00e9pices du Sud-Ouest<\/p>\n\n\n\n<hr class=\"wp-block-separator has-alpha-channel-opacity\"\/>\n\n\n\n<h2 class=\"wp-block-heading has-kubio-color-1-color has-text-color has-link-color has-large-font-size wp-elements-99ee641a3d151908c473a49d4099982b\">Fortunella Coffea<\/h2>\n\n\n\n<p>Un Mariage tout en \u00e9pices<\/p>\n\n\n\n<hr class=\"wp-block-separator has-alpha-channel-opacity\"\/>\n\n\n\n<h2 class=\"wp-block-heading has-kubio-color-1-color has-text-color has-link-color has-large-font-size wp-elements-7a82b45ffb1e30b3e9a8487d00667121\">Sour Candy<\/h2>\n\n\n\n<p>La pomme de notre enfance<\/p>\n\n\n\n<hr class=\"wp-block-separator has-alpha-channel-opacity\"\/>\n\n\n\n<h2 class=\"wp-block-heading has-kubio-color-1-color has-text-color has-link-color has-large-font-size wp-elements-df3ba267d951621e5e5ff8ecb7113b6e\">Masha&rsquo;s Secret<\/h2>\n\n\n\n<p>La douce chaleur des \u00e9pices pr\u00e8s d&rsquo;un feu de chemin\u00e9e<\/p>\n\n\n\n<hr class=\"wp-block-separator has-alpha-channel-opacity\"\/>\n\n\n\n<h2 class=\"wp-block-heading has-kubio-color-1-color has-text-color has-link-color has-large-font-size wp-elements-15d16b1574254a1b2bffb1466e45edbc\">Trick or Treat<\/h2>\n\n\n\n<p>La Malice et la gourmandise dans un verre<\/p>\n\n\n\n<hr class=\"wp-block-separator has-alpha-channel-opacity\"\/>\n\n\n\n<h2 class=\"wp-block-heading has-kubio-color-1-color has-text-color has-link-color has-large-font-size wp-elements-d8f2a72aeab246cd2603980f25253139\">Cara\u00efban Sunset<\/h2>\n\n\n\n<p>Souvenir herbac\u00e9 des \u00eeles<\/p>\n\n\n\n<hr class=\"wp-block-separator has-alpha-channel-opacity\"\/>\n\n\n\n<h2 class=\"wp-block-heading has-kubio-color-1-color has-text-color has-link-color has-large-font-size wp-elements-72bd529bcbcfa180fb001073367e0845\">Poe&rsquo;s Whisper<\/h2>\n\n\n\n<p>Ode \u00e0 la po\u00e9sie du caract\u00e8re<\/p>\n\n\n\n<hr class=\"wp-block-separator has-alpha-channel-opacity\"\/>\n\n\n\n<h2 class=\"wp-block-heading has-kubio-color-1-color has-text-color has-link-color has-large-font-size wp-elements-12a7c7247f585bb6367b2d53b257564e\">Summer Pic Nic<\/h2>\n\n\n\n<p>Nostalgie d&rsquo;un apr\u00e8s-midi d&rsquo;\u00e9t\u00e9<\/p>\n<\/details>\n\n\n\n<hr class=\"wp-block-separator has-alpha-channel-opacity\"\/>\n\n\n\n<div style=\"height:100px\" aria-hidden=\"true\" class=\"wp-block-spacer\"><\/div>\n\n\n\n<div class=\"wp-block-media-text has-media-on-the-right is-stacked-on-mobile\" style=\"grid-template-columns:auto 19%\"><div class=\"wp-block-media-text__content\">\n<p class=\"has-kubio-color-5-color has-text-color has-link-color has-medium-font-size wp-elements-b609860e7b1f17118f8a3662b153d759\">Que serait un bar sans une s\u00e9lection des plus grands classiques du monde du cocktail ? Ici, j&rsquo;ai cherch\u00e9 les meilleurs ingr\u00e9dients pour retranscrire l&rsquo;esprit de ces incontournables sans une goutte d&rsquo;alcool.<\/p>\n<\/div><figure class=\"wp-block-media-text__media\"><img loading=\"lazy\" decoding=\"async\" width=\"683\" height=\"1024\" src=\"http:\/\/queens-garden.fr\/wp-content\/uploads\/2025\/12\/unsplash-vexxZA_JNso-683x1024.jpg\" alt=\"a glass of orange juice on a table\" class=\"wp-image-332 size-full\"\/><\/figure><\/div>\n\n\n\n<details class=\"wp-block-details has-kubio-color-2-color has-text-color has-link-color has-large-font-size wp-elements-1890f8805ea042a08348ec7e07ac546a is-layout-flow wp-block-details-is-layout-flow\"><summary>D\u00e9couvrir les Mocktails Inspir\u00e9s des Classiques<\/summary>\n<h2 class=\"wp-block-heading has-kubio-color-1-color has-text-color has-link-color has-large-font-size wp-elements-324f31caa2f6f8c7a0b70e87f774ff46\">Virgin Mojito<\/h2>\n\n\n\n<p>L&rsquo;incontournable des terrasses, la fra\u00eecheur de la menthe et la vivacit\u00e9 du citron.<\/p>\n\n\n\n<hr class=\"wp-block-separator has-alpha-channel-opacity\"\/>\n\n\n\n<h2 class=\"wp-block-heading has-kubio-color-1-color has-text-color has-link-color has-large-font-size wp-elements-63b0c7306f2a27aa39f52c4b9fb8614e\">Virgin Colada<\/h2>\n\n\n\n<p>De l&rsquo;ananas frais, de la noix de coco gourmande et quelques \u00e9pices pour relever le tout !<\/p>\n\n\n\n<hr class=\"wp-block-separator has-alpha-channel-opacity\"\/>\n\n\n\n<h2 class=\"wp-block-heading has-kubio-color-1-color has-text-color has-link-color has-large-font-size wp-elements-5c88b841a8ce5a7c26c6471fa4a84a0b\">Virgin Mule<\/h2>\n\n\n\n<p>Le pep&rsquo;s du gingembre et la fraicheur de la menthe<\/p>\n\n\n\n<hr class=\"wp-block-separator has-alpha-channel-opacity\"\/>\n\n\n\n<h2 class=\"wp-block-heading has-kubio-color-1-color has-text-color has-link-color has-large-font-size wp-elements-f4070d4a1316312a5393da575d0f65b7\">Virgin Star<\/h2>\n\n\n\n<p>La passion au service de la vanille<\/p>\n\n\n\n<hr class=\"wp-block-separator has-alpha-channel-opacity\"\/>\n\n\n\n<h2 class=\"wp-block-heading has-kubio-color-1-color has-text-color has-link-color has-large-font-size wp-elements-18ecffc55f974930748748d5e77e0b8b\">Espresso SinMartini<\/h2>\n\n\n\n<p>Un caf\u00e9 comme vous n&rsquo;en avez jamais bu<\/p>\n\n\n\n<hr class=\"wp-block-separator has-alpha-channel-opacity\"\/>\n\n\n\n<h2 class=\"wp-block-heading has-kubio-color-1-color has-text-color has-link-color has-large-font-size wp-elements-9203f7614649c6f5d7a17eb785193e0c\">Basil Smak<\/h2>\n\n\n\n<p>Frais et vif <\/p>\n\n\n\n<hr class=\"wp-block-separator has-alpha-channel-opacity\"\/>\n\n\n\n<h2 class=\"wp-block-heading has-kubio-color-1-color has-text-color has-link-color has-large-font-size wp-elements-7e266abde26c39269eba22c95138d7f2\">Hug On The Beach<\/h2>\n\n\n\n<p>Un classique version adolescente<\/p>\n\n\n\n<hr class=\"wp-block-separator has-alpha-channel-opacity\"\/>\n\n\n\n<h2 class=\"wp-block-heading has-kubio-color-1-color has-text-color has-link-color has-large-font-size wp-elements-3479ce88f350e952cffd48ed1ad8feb5\">Virgin Kalimoxo<\/h2>\n\n\n\n<p>L&rsquo;incontournable Basque<\/p>\n\n\n\n<hr class=\"wp-block-separator has-alpha-channel-opacity\"\/>\n\n\n\n<h2 class=\"wp-block-heading has-kubio-color-1-color has-text-color has-link-color has-large-font-size wp-elements-6bd6ceb395ff27a38253c0c77082cafd\">Virgin Sunrise<\/h2>\n\n\n\n<p>La simplicit\u00e9 avec un petit truc en plus<\/p>\n\n\n\n<hr class=\"wp-block-separator has-alpha-channel-opacity\"\/>\n<\/details>\n\n\n\n<div style=\"height:100px\" aria-hidden=\"true\" class=\"wp-block-spacer\"><\/div>\n\n\n\n<div class=\"wp-block-media-text is-stacked-on-mobile\" style=\"grid-template-columns:30% auto\"><figure class=\"wp-block-media-text__media\"><img loading=\"lazy\" decoding=\"async\" width=\"1024\" height=\"621\" src=\"http:\/\/queens-garden.fr\/wp-content\/uploads\/2025\/12\/unsplash-xBFTjrMIC0c-1024x621.jpg\" alt=\"three clear glass cups with juice\" class=\"wp-image-333 size-full\" srcset=\"https:\/\/queens-garden.fr\/wp-content\/uploads\/2025\/12\/unsplash-xBFTjrMIC0c-1024x621.jpg 1024w, https:\/\/queens-garden.fr\/wp-content\/uploads\/2025\/12\/unsplash-xBFTjrMIC0c-300x182.jpg 300w, https:\/\/queens-garden.fr\/wp-content\/uploads\/2025\/12\/unsplash-xBFTjrMIC0c-768x466.jpg 768w, https:\/\/queens-garden.fr\/wp-content\/uploads\/2025\/12\/unsplash-xBFTjrMIC0c-1536x931.jpg 1536w, https:\/\/queens-garden.fr\/wp-content\/uploads\/2025\/12\/unsplash-xBFTjrMIC0c.jpg 1600w\" sizes=\"(max-width: 1024px) 100vw, 1024px\" \/><\/figure><div class=\"wp-block-media-text__content\">\n<p class=\"has-kubio-color-5-color has-text-color has-link-color has-medium-font-size wp-elements-982a123b79b27ca224c11f5709e84ec5\">Les Sp\u00e9cialit\u00e9s du Monde sont 3 produits chers \u00e0 mon coeur, une invitation au voyage et l&rsquo;envie d&rsquo;en d\u00e9couvrir plus \u00e0 chaque gorg\u00e9e.<\/p>\n<\/div><\/div>\n\n\n\n<details class=\"wp-block-details has-kubio-color-2-color has-text-color has-link-color has-large-font-size wp-elements-02dd0d294322f205b7bd2093b75b9f11 is-layout-flow wp-block-details-is-layout-flow\"><summary>D\u00e9couvrir les Sp\u00e9cialit\u00e9s du Monde fa\u00e7on Queen&rsquo;s Garden<\/summary>\n<h2 class=\"wp-block-heading has-kubio-color-1-color has-text-color has-link-color has-large-font-size wp-elements-131917e48adcf64d1480909472d36dee\">Limonade Br\u00e9silienne<\/h2>\n\n\n\n<p>Ne vous fiez pas \u00e0 son nom, c&rsquo;est bien loin d&rsquo;une limonade comme on en voit en France !<\/p>\n\n\n\n<hr class=\"wp-block-separator has-alpha-channel-opacity\"\/>\n\n\n\n<h2 class=\"wp-block-heading has-kubio-color-1-color has-text-color has-link-color has-large-font-size wp-elements-94361dc4c4e5bcbf8904aabc3d800c58\">Bissap Maison<\/h2>\n\n\n\n<p>Le nectar d&rsquo;une fleur au caract\u00e8re bien tremp\u00e9<\/p>\n\n\n\n<hr class=\"wp-block-separator has-alpha-channel-opacity\"\/>\n\n\n\n<h2 class=\"wp-block-heading has-kubio-color-1-color has-text-color has-link-color has-large-font-size wp-elements-02f9701b2977957862bf515ccfd70115\">Chocolat Ha\u00eftien<\/h2>\n\n\n\n<p>La gourmandise sous forme de chaleur<\/p>\n<\/details>\n\n\n\n<hr class=\"wp-block-separator has-alpha-channel-opacity\"\/>\n","protected":false},"excerpt":{"rendered":"<p>Attention ! Cette carte est un prototype et est soumise \u00e0 modification Photos non contractuelles -Mocktail- Nom Masculin, Anglicisme. Cocktail sans Alcool. Mocktail est un jeu de mot qui nous vient tout droit de Grande-Bretagne. Il est issu d&rsquo;une association entre le mot cocktail, d\u00e9signant une boisson alcoolis\u00e9e compos\u00e9e d&rsquo;un m\u00e9lange de diff\u00e9rents \u00e9l\u00e9ments, et [&hellip;]<\/p>\n","protected":false},"author":1,"featured_media":0,"parent":0,"menu_order":0,"comment_status":"closed","ping_status":"closed","template":"","meta":{"saved_in_kubio":true,"footnotes":""},"class_list":["post-30","page","type-page","status-publish","hentry"],"kubio_ai_page_context":{"short_desc":"","purpose":"general"},"_links":{"self":[{"href":"https:\/\/queens-garden.fr\/index.php?rest_route=\/wp\/v2\/pages\/30","targetHints":{"allow":["GET"]}}],"collection":[{"href":"https:\/\/queens-garden.fr\/index.php?rest_route=\/wp\/v2\/pages"}],"about":[{"href":"https:\/\/queens-garden.fr\/index.php?rest_route=\/wp\/v2\/types\/page"}],"author":[{"embeddable":true,"href":"https:\/\/queens-garden.fr\/index.php?rest_route=\/wp\/v2\/users\/1"}],"replies":[{"embeddable":true,"href":"https:\/\/queens-garden.fr\/index.php?rest_route=%2Fwp%2Fv2%2Fcomments&post=30"}],"version-history":[{"count":12,"href":"https:\/\/queens-garden.fr\/index.php?rest_route=\/wp\/v2\/pages\/30\/revisions"}],"predecessor-version":[{"id":336,"href":"https:\/\/queens-garden.fr\/index.php?rest_route=\/wp\/v2\/pages\/30\/revisions\/336"}],"wp:attachment":[{"href":"https:\/\/queens-garden.fr\/index.php?rest_route=%2Fwp%2Fv2%2Fmedia&parent=30"}],"curies":[{"name":"wp","href":"https:\/\/api.w.org\/{rel}","templated":true}]}}