{"id":2,"date":"2025-11-17T19:53:16","date_gmt":"2025-11-17T19:53:16","guid":{"rendered":"http:\/\/queens-garden.fr\/?page_id=2"},"modified":"2025-12-04T23:01:49","modified_gmt":"2025-12-04T22:01:49","slug":"sample-page","status":"publish","type":"page","link":"https:\/\/queens-garden.fr\/?page_id=2","title":{"rendered":"Le Concept"},"content":{"rendered":"\n<p class=\"has-medium-font-size\">Depuis enfant j&rsquo;ai toujours aim\u00e9 ces histoires de ma famille, entre brasseurs, patrons d&rsquo;\u00e9tablissements r\u00e9put\u00e9s et les mysterieuses recettes secr\u00e8tes. Il y avait toujours un lieu de convivialit\u00e9 o\u00f9 je pouvais me retrouver entour\u00e9 de ceux que j&rsquo;aime et partager un verre et quelques snacks avec eux, que ce soit dans le jardin familial ou \u00e0 la terrasse du coin, ces moments du quotidien ont profond\u00e9ment influenc\u00e9 ma vie.<\/p>\n\n\n\n<div style=\"height:51px\" aria-hidden=\"true\" class=\"wp-block-spacer\"><\/div>\n\n\n\n<p><\/p>\n\n\n\n<blockquote class=\"wp-block-quote is-layout-flow wp-block-quote-is-layout-flow\">\n<p class=\"has-medium-font-size\">C&rsquo;est berc\u00e9 par ces valeurs de partage et de savoir faire que j&rsquo;ai grandi et qu&rsquo;un r\u00eave est n\u00e9 : Celui de pouvoir partager mon amour des bonnes choses avec tout le monde.<\/p>\n\n\n\n<p class=\"has-medium-font-size\">Peu \u00e0 peu ce r\u00eave \u00e0 pris diverses formes, il a d\u00e9vi\u00e9, est revenu sur ses pas, en \u00e9voluant avec les ann\u00e9es, au m\u00eame titre que moi, il s&rsquo;est affin\u00e9, s&rsquo;est affirm\u00e9.<\/p>\n<\/blockquote>\n\n\n\n<div style=\"height:51px\" aria-hidden=\"true\" class=\"wp-block-spacer\"><\/div>\n\n\n\n<p class=\"has-medium-font-size\">Ma sobri\u00e9t\u00e9, depuis 2021, m&rsquo;a fait prendre conscience d&rsquo;un besoin, celui d&rsquo;\u00eatre respect\u00e9 quand on ne souhaite pas boire, peu importe que le motif soit la sant\u00e9, un heureux \u00e9v\u00e8nement ou un simple choix. On ne devrait pas avoir \u00e0 se justifier en permanence pour un sujet aussi trivial qu&rsquo;une boisson. Ce besoin de respect passe aussi par le choix et la qualit\u00e9. J&rsquo;ai longtemps eu du chagrin \u00e0 ne pas me faire plaisir \u00ab\u00a0comme les autres\u00a0\u00bb faute de choix ou de qualit\u00e9.<\/p>\n\n\n\n<div style=\"height:51px\" aria-hidden=\"true\" class=\"wp-block-spacer\"><\/div>\n\n\n\n<p><\/p>\n\n\n\n<p class=\"has-medium-font-size\">Faisant parti de ces Bartender dont la passion n&rsquo;est plus \u00e0 prouver<em> ;  Form\u00e9 en Brassage de Bi\u00e8res, Sommellerie et Mixologie, m\u00e9daille d&rsquo;argent \u00e0 la Monin Cup 2022.<\/em><\/p>\n\n\n\n<div style=\"height:51px\" aria-hidden=\"true\" class=\"wp-block-spacer\"><\/div>\n\n\n\n<blockquote class=\"wp-block-quote is-layout-flow wp-block-quote-is-layout-flow\">\n<p class=\"has-medium-font-size\">Je me forme aujourd&rsquo;hui aux arts du Barista et Tea Sommelier pour compl\u00e9ter mes connaissances car le savoir faire et la qualit\u00e9 sont des valeurs ch\u00e8res \u00e0 mon coeur.<\/p>\n<\/blockquote>\n\n\n\n<div style=\"height:51px\" aria-hidden=\"true\" class=\"wp-block-spacer\"><\/div>\n\n\n\n<p><\/p>\n\n\n\n<p class=\"has-medium-font-size\"><strong><em>Et ce sont ces savoir-faire que je veux mettre au service de tous, en proposant de la qualit\u00e9 et du choix en en ayant fait qu&rsquo;un seul : celui de l&rsquo;accessibilit\u00e9 ; Celui du sans alcool pour que tous puissent en profiter. <\/em><\/strong><\/p>\n\n\n\n<p><\/p>\n\n\n\n<div style=\"height:51px\" aria-hidden=\"true\" class=\"wp-block-spacer\"><\/div>\n\n\n\n<p class=\"has-medium-font-size\">C&rsquo;est ainsi qu&rsquo;est n\u00e9 l&rsquo;id\u00e9e de ce lieu, un bout de r\u00eave dans ce monde trop dur, un petit jardin o\u00f9 chacun pourrait se sentir chez lui. Pour r\u00eaver le temps d&rsquo;un verre&#8230; Ou deux.<\/p>\n","protected":false},"excerpt":{"rendered":"<p>Depuis enfant j&rsquo;ai toujours aim\u00e9 ces histoires de ma famille, entre brasseurs, patrons d&rsquo;\u00e9tablissements r\u00e9put\u00e9s et les mysterieuses recettes secr\u00e8tes. Il y avait toujours un lieu de convivialit\u00e9 o\u00f9 je pouvais me retrouver entour\u00e9 de ceux que j&rsquo;aime et partager un verre et quelques snacks avec eux, que ce soit dans le jardin familial ou [&hellip;]<\/p>\n","protected":false},"author":1,"featured_media":0,"parent":0,"menu_order":0,"comment_status":"closed","ping_status":"open","template":"","meta":{"saved_in_kubio":true,"footnotes":""},"class_list":["post-2","page","type-page","status-publish","hentry"],"kubio_ai_page_context":{"short_desc":"","purpose":"general"},"_links":{"self":[{"href":"https:\/\/queens-garden.fr\/index.php?rest_route=\/wp\/v2\/pages\/2","targetHints":{"allow":["GET"]}}],"collection":[{"href":"https:\/\/queens-garden.fr\/index.php?rest_route=\/wp\/v2\/pages"}],"about":[{"href":"https:\/\/queens-garden.fr\/index.php?rest_route=\/wp\/v2\/types\/page"}],"author":[{"embeddable":true,"href":"https:\/\/queens-garden.fr\/index.php?rest_route=\/wp\/v2\/users\/1"}],"replies":[{"embeddable":true,"href":"https:\/\/queens-garden.fr\/index.php?rest_route=%2Fwp%2Fv2%2Fcomments&post=2"}],"version-history":[{"count":11,"href":"https:\/\/queens-garden.fr\/index.php?rest_route=\/wp\/v2\/pages\/2\/revisions"}],"predecessor-version":[{"id":375,"href":"https:\/\/queens-garden.fr\/index.php?rest_route=\/wp\/v2\/pages\/2\/revisions\/375"}],"wp:attachment":[{"href":"https:\/\/queens-garden.fr\/index.php?rest_route=%2Fwp%2Fv2%2Fmedia&parent=2"}],"curies":[{"name":"wp","href":"https:\/\/api.w.org\/{rel}","templated":true}]}}